{"id":20221,"date":"2024-01-15T10:12:32","date_gmt":"2024-01-15T10:12:32","guid":{"rendered":"https:\/\/globetalk.online\/?page_id=20221"},"modified":"2025-11-28T09:57:22","modified_gmt":"2025-11-28T09:57:22","slug":"faq","status":"publish","type":"page","link":"https:\/\/globetalk.online\/it\/faq\/","title":{"rendered":"FAQ"},"content":{"rendered":"\t\t<div data-elementor-type=\"wp-page\" data-elementor-id=\"20221\" class=\"elementor elementor-20221 elementor-2315\" data-elementor-post-type=\"page\">\n\t\t\t\t<div class=\"elementor-element elementor-element-b895bf7 e-flex e-con-boxed e-con e-parent\" data-id=\"b895bf7\" data-element_type=\"container\">\n\t\t\t\t\t<div class=\"e-con-inner\">\n\t\t\t\t<div class=\"elementor-element elementor-element-02382f1 elementor-invisible elementor-widget elementor-widget-heading\" data-id=\"02382f1\" data-element_type=\"widget\" data-settings=\"{&quot;_animation&quot;:&quot;edubin--slide-up&quot;}\" data-widget_type=\"heading.default\">\n\t\t\t\t\t<h2 class=\"elementor-heading-title elementor-size-default\">Domande frequenti (FAQ)<\/h2>\t\t\t\t<\/div>\n\t\t<div class=\"elementor-element elementor-element-b2b1701 e-con-full e-flex e-con e-child\" data-id=\"b2b1701\" data-element_type=\"container\">\n\t\t<div class=\"elementor-element elementor-element-04c50b3 e-con-full e-flex elementor-invisible e-con e-child\" data-id=\"04c50b3\" data-element_type=\"container\" data-settings=\"{&quot;animation&quot;:&quot;edubin--slide-up&quot;}\">\n\t\t\t\t<div class=\"elementor-element elementor-element-443caa7 elementor-widget elementor-widget-edubin-accordion\" data-id=\"443caa7\" data-element_type=\"widget\" data-widget_type=\"edubin-accordion.default\">\n\t\t\t\t<div class=\"elementor-widget-container\">\n\t\t\t\t\t<div class=\"accordion\" data-settings=\"{&quot;accordion_id&quot;:&quot;443caa7&quot;}\" data-close-all=\"false\" data-open-item=\"0\"><div class=\"single_accordion edubin-icon-align-right\"><div class=\"edubin-accordion-header edubin-accordion-header443caa7\"><h4 class=\"accordion-title\" >Che cos\u2019\u00e8 GlobeTalk.online?<\/h4><span class=\"accordion-icon\"><i class=\"flaticon-download edubin-icon edubin-icon443caa7\"><\/i><\/span><\/div><div class=\"accordion-body accordion-body443caa7\"><div class=\"accordion-content\"><p style=\"font-weight: 400\">GlobeTalk.online \u00e8 una scuola di lingue online con sede in Italia. Offriamo corsi di lingua in diretta, interattivi, tramite aula virtuale, con un\u2019attenzione particolare alla comunicazione reale, alle spiegazioni chiare e al feedback personalizzato.<\/p><\/div><\/div><\/div><div class=\"single_accordion edubin-icon-align-right\"><div class=\"edubin-accordion-header edubin-accordion-header443caa7\"><h4 class=\"accordion-title\" >Le lezioni sono in diretta o registrate?<\/h4><span class=\"accordion-icon\"><i class=\"flaticon-download edubin-icon edubin-icon443caa7\"><\/i><\/span><\/div><div class=\"accordion-body accordion-body443caa7\"><div class=\"accordion-content\"><p style=\"font-weight: 400\">I nostri corsi sono tenuti in diretta da insegnanti in carne e ossa. Ti colleghi in un orario stabilito e interagisci con l\u2019insegnante e, se previsto, con gli altri studenti in tempo reale.<\/p><\/div><\/div><\/div><div class=\"single_accordion edubin-icon-align-right\"><div class=\"edubin-accordion-header edubin-accordion-header443caa7\"><h4 class=\"accordion-title\" >Come funzionano in pratica le lezioni online?<\/h4><span class=\"accordion-icon\"><i class=\"flaticon-download edubin-icon edubin-icon443caa7\"><\/i><\/span><\/div><div class=\"accordion-body accordion-body443caa7\"><div class=\"accordion-content\"><p style=\"font-weight: 400\">Prima dell\u2019inizio del corso riceverai un link per accedere all\u2019aula virtuale, il calendario con date e orari delle lezioni e le eventuali istruzioni o materiali da avere pronti. All\u2019orario stabilito ti basta cliccare sul link, entrare in aula e seguire le indicazioni dell\u2019insegnante.<\/p><\/div><\/div><\/div><div class=\"single_accordion edubin-icon-align-right\"><div class=\"edubin-accordion-header edubin-accordion-header443caa7\"><h4 class=\"accordion-title\" >Quali lingue e livelli offrite?<\/h4><span class=\"accordion-icon\"><i class=\"flaticon-download edubin-icon edubin-icon443caa7\"><\/i><\/span><\/div><div class=\"accordion-body accordion-body443caa7\"><div class=\"accordion-content\"><p style=\"font-weight: 400\">Le lingue e i livelli disponibili sono indicati nelle pagine dei corsi. Troverai informazioni sulla lingua, sul livello di riferimento (ad esempio A1\u2013C2) e su eventuali focus specifici come preparazione esami o conversazione.<\/p><\/div><\/div><\/div><div class=\"single_accordion edubin-icon-align-right\"><div class=\"edubin-accordion-header edubin-accordion-header443caa7\"><h4 class=\"accordion-title\" >Di cosa ho bisogno dal punto di vista tecnico?<\/h4><span class=\"accordion-icon\"><i class=\"flaticon-download edubin-icon edubin-icon443caa7\"><\/i><\/span><\/div><div class=\"accordion-body accordion-body443caa7\"><div class=\"accordion-content\"><p class=\"p1\"><span class=\"s1\">Ti serviranno un computer, tablet o smartphone, una connessione internet stabile, un microfono e casse o cuffie e, idealmente, una webcam. <\/span><strong><span class=\"s2\">Non \u00e8 necessario usare una VPN<\/span><\/strong><span class=\"s1\"><strong>:<\/strong> \u00e8 sufficiente una normale connessione domestica o da mobile per seguire le lezioni. Per una migliore esperienza consigliamo un computer portatile o fisso e un ambiente tranquillo.<\/span><\/p><\/div><\/div><\/div><div class=\"single_accordion edubin-icon-align-right\"><div class=\"edubin-accordion-header edubin-accordion-header443caa7\"><h4 class=\"accordion-title\" >Come posso iscrivermi a un corso?<\/h4><span class=\"accordion-icon\"><i class=\"flaticon-download edubin-icon edubin-icon443caa7\"><\/i><\/span><\/div><div class=\"accordion-body accordion-body443caa7\"><div class=\"accordion-content\"><p style=\"font-weight: 400\">Puoi iscriverti direttamente dal sito scegliendo il corso, aggiungendolo al carrello e completando la procedura di pagamento. Dopo il pagamento riceverai un\u2019email di conferma con i passaggi successivi.<\/p><\/div><\/div><\/div><div class=\"single_accordion edubin-icon-align-right\"><div class=\"edubin-accordion-header edubin-accordion-header443caa7\"><h4 class=\"accordion-title\" >Come posso pagare il corso?<\/h4><span class=\"accordion-icon\"><i class=\"flaticon-download edubin-icon edubin-icon443caa7\"><\/i><\/span><\/div><div class=\"accordion-body accordion-body443caa7\"><div class=\"accordion-content\"><p style=\"font-weight: 400\">Il pagamento avviene online in modo sicuro tramite provider esterni affidabili, ad esempio gateway per pagamenti con carta. Non memorizziamo nei nostri server i dati completi della tua carta. I metodi di pagamento disponibili sono indicati al momento del checkout.<\/p><\/div><\/div><\/div><div class=\"single_accordion edubin-icon-align-right\"><div class=\"edubin-accordion-header edubin-accordion-header443caa7\"><h4 class=\"accordion-title\" >Rilasciate fatture e certificati?<\/h4><span class=\"accordion-icon\"><i class=\"flaticon-download edubin-icon edubin-icon443caa7\"><\/i><\/span><\/div><div class=\"accordion-body accordion-body443caa7\"><div class=\"accordion-content\"><p style=\"font-weight: 400\">S\u00ec. Dopo l\u2019acquisto possiamo emettere fattura secondo la normativa fiscale italiana (regime forfettario). Al termine del corso puoi ricevere un Attestato di Frequenza con indicazione della lingua, del livello indicativo e delle ore svolte.<\/p><\/div><\/div><\/div><div class=\"single_accordion edubin-icon-align-right\"><div class=\"edubin-accordion-header edubin-accordion-header443caa7\"><h4 class=\"accordion-title\" >Cosa succede dopo che ho completato l\u2019acquisto?<\/h4><span class=\"accordion-icon\"><i class=\"flaticon-download edubin-icon edubin-icon443caa7\"><\/i><\/span><\/div><div class=\"accordion-body accordion-body443caa7\"><div class=\"accordion-content\"><p style=\"font-weight: 400\">Una volta confermato il pagamento, riceverai un\u2019email di conferma con le informazioni pratiche sul corso: data di inizio, orari, modalit\u00e0 di accesso all\u2019aula virtuale e materiali necessari. Se non ricevi nulla, controlla la cartella spam e poi contattaci.<\/p><\/div><\/div><\/div><\/div>\t\t\t\t<\/div>\n\t\t\t\t<\/div>\n\t\t\t\t<\/div>\n\t\t<div class=\"elementor-element elementor-element-8003ee5 e-con-full e-flex elementor-invisible e-con e-child\" data-id=\"8003ee5\" data-element_type=\"container\" data-settings=\"{&quot;animation&quot;:&quot;edubin--slide-up&quot;}\">\n\t\t\t\t<div class=\"elementor-element elementor-element-cb62489 elementor-widget elementor-widget-edubin-accordion\" data-id=\"cb62489\" data-element_type=\"widget\" data-widget_type=\"edubin-accordion.default\">\n\t\t\t\t<div class=\"elementor-widget-container\">\n\t\t\t\t\t<div class=\"accordion\" data-settings=\"{&quot;accordion_id&quot;:&quot;cb62489&quot;}\" data-close-all=\"false\" data-open-item=\"0\"><div class=\"single_accordion edubin-icon-align-right\"><div class=\"edubin-accordion-header edubin-accordion-headercb62489\"><h4 class=\"accordion-title\" >Qual \u00e8 la vostra politica di cancellazione e rimborso?<\/h4><span class=\"accordion-icon\"><i class=\"flaticon-download edubin-icon edubin-iconcb62489\"><\/i><\/span><\/div><div class=\"accordion-body accordion-bodycb62489\"><div class=\"accordion-content\"><p style=\"font-weight: 400\">Le regole su cancellazioni e rimborsi sono descritte in dettaglio nei nostri Termini e Condizioni. In generale, le possibilit\u00e0 di rimborso dipendono dal fatto che il corso sia gi\u00e0 iniziato, che tu abbia gi\u00e0 utilizzato lezioni o materiali e dal tipo di corso. Ti invitiamo a leggere attentamente i Termini e Condizioni prima dell\u2019iscrizione.<\/p><\/div><\/div><\/div><div class=\"single_accordion edubin-icon-align-right\"><div class=\"edubin-accordion-header edubin-accordion-headercb62489\"><h4 class=\"accordion-title\" >Posso spostare o cancellare una lezione individuale?<\/h4><span class=\"accordion-icon\"><i class=\"flaticon-download edubin-icon edubin-iconcb62489\"><\/i><\/span><\/div><div class=\"accordion-body accordion-bodycb62489\"><div class=\"accordion-content\"><p style=\"font-weight: 400\">Le regole per il rinvio o la cancellazione delle lezioni individuali sono indicate nei Termini e Condizioni e\/o nella descrizione del pacchetto. In linea di massima, una lezione pu\u00f2 essere riprogrammata se ci avvisi con sufficiente anticipo. Le cancellazioni tardive o le assenze ripetute possono essere conteggiate come lezioni svolte.<\/p><\/div><\/div><\/div><div class=\"single_accordion edubin-icon-align-right\"><div class=\"edubin-accordion-header edubin-accordion-headercb62489\"><h4 class=\"accordion-title\" >Le lezioni vengono registrate?<\/h4><span class=\"accordion-icon\"><i class=\"flaticon-download edubin-icon edubin-iconcb62489\"><\/i><\/span><\/div><div class=\"accordion-body accordion-bodycb62489\"><div class=\"accordion-content\"><p style=\"font-weight: 400\">Di norma le nostre lezioni in diretta non vengono registrate. Qualora in futuro una lezione venisse registrata, ad esempio per permettere agli studenti di rivederla, i partecipanti verrebbero informati in anticipo e ogni registrazione rispetterebbe la nostra Informativa Privacy e gli obblighi in materia di protezione dei dati.<\/p><\/div><\/div><\/div><div class=\"single_accordion edubin-icon-align-right\"><div class=\"edubin-accordion-header edubin-accordion-headercb62489\"><h4 class=\"accordion-title\" >Come proteggete i miei dati personali?<\/h4><span class=\"accordion-icon\"><i class=\"flaticon-download edubin-icon edubin-iconcb62489\"><\/i><\/span><\/div><div class=\"accordion-body accordion-bodycb62489\"><div class=\"accordion-content\"><p style=\"font-weight: 400\">GlobeTalk.online ha sede in Italia e tratta i dati personali in conformit\u00e0 al GDPR e alla normativa italiana sulla privacy. Raccogliamo solo i dati necessari per erogare i servizi, utilizziamo fornitori esterni sicuri per pagamenti e lezioni online, non vendiamo i tuoi dati a terzi e conserviamo i dati solo per il tempo necessario e per gli obblighi di legge. Tutti i dettagli sono indicati nella nostra Privacy Policy.<\/p><\/div><\/div><\/div><div class=\"single_accordion edubin-icon-align-right\"><div class=\"edubin-accordion-header edubin-accordion-headercb62489\"><h4 class=\"accordion-title\" >Perch\u00e9 usate i cookie?<\/h4><span class=\"accordion-icon\"><i class=\"flaticon-download edubin-icon edubin-iconcb62489\"><\/i><\/span><\/div><div class=\"accordion-body accordion-bodycb62489\"><div class=\"accordion-content\"><p style=\"font-weight: 400\">Utilizziamo i cookie per far funzionare correttamente il sito, capire come i visitatori lo utilizzano e migliorare i contenuti e i corsi. Tramite il banner cookie puoi Accettare tutti i cookie o Rifiutare quelli non essenziali continuando con i soli cookie necessari. Per maggiori informazioni consulta la nostra Cookie Policy.<\/p><\/div><\/div><\/div><div class=\"single_accordion edubin-icon-align-right\"><div class=\"edubin-accordion-header edubin-accordion-headercb62489\"><h4 class=\"accordion-title\" >Offrite sia corsi di gruppo che lezioni individuali?<\/h4><span class=\"accordion-icon\"><i class=\"flaticon-download edubin-icon edubin-iconcb62489\"><\/i><\/span><\/div><div class=\"accordion-body accordion-bodycb62489\"><div class=\"accordion-content\"><p style=\"font-weight: 400\">S\u00ec. Molti programmi possono essere proposti sia come corsi di gruppo in piccoli numeri sia come lezioni individuali 1-to-1. Nelle pagine dei corsi trovi indicati i formati disponibili, i prezzi e il numero di ore.<\/p><\/div><\/div><\/div><div class=\"single_accordion edubin-icon-align-right\"><div class=\"edubin-accordion-header edubin-accordion-headercb62489\"><h4 class=\"accordion-title\" >GlobeTalk.online \u00e8 adatto a bambini e ragazzi?<\/h4><span class=\"accordion-icon\"><i class=\"flaticon-download edubin-icon edubin-iconcb62489\"><\/i><\/span><\/div><div class=\"accordion-body accordion-bodycb62489\"><div class=\"accordion-content\"><div><span lang=\"EN-US\">Alcuni percorsi linguistici possono essere adatti anche a studenti pi\u00f9 giovani, a seconda del livello del corso, degli orari e del coinvolgimento di un genitore o tutore. Se ti interessano corsi per bambini o ragazzi, contattaci con qualche dettaglio e ti indicheremo le opzioni disponibili.<\/span><\/div><\/div><\/div><\/div><div class=\"single_accordion edubin-icon-align-right\"><div class=\"edubin-accordion-header edubin-accordion-headercb62489\"><h4 class=\"accordion-title\" >In quali lingue sono disponibili le informazioni?<\/h4><span class=\"accordion-icon\"><i class=\"flaticon-download edubin-icon edubin-iconcb62489\"><\/i><\/span><\/div><div class=\"accordion-body accordion-bodycb62489\"><div class=\"accordion-content\"><p style=\"font-weight: 400\">Il sito e le informazioni legali possono essere disponibili in pi\u00f9 lingue, ad esempio inglese, italiano, russo e cinese semplificato. In caso di discrepanze tra le versioni, possono prevalere le versioni inglese e\/o italiana dei documenti legali.<\/p><\/div><\/div><\/div><div class=\"single_accordion edubin-icon-align-right\"><div class=\"edubin-accordion-header edubin-accordion-headercb62489\"><h4 class=\"accordion-title\" >Come posso contattarvi?<\/h4><span class=\"accordion-icon\"><i class=\"flaticon-download edubin-icon edubin-iconcb62489\"><\/i><\/span><\/div><div class=\"accordion-body accordion-bodycb62489\"><div class=\"accordion-content\"><p style=\"font-weight: 400\">Per qualsiasi domanda sui corsi, sui pagamenti o sugli aspetti amministrativi puoi scriverci a info@globetalk.online oppure utilizzare il modulo di contatto presente sul sito.<\/p><\/div><\/div><\/div><\/div>\t\t\t\t<\/div>\n\t\t\t\t<\/div>\n\t\t\t\t<\/div>\n\t\t\t\t<\/div>\n\t\t\t\t\t<\/div>\n\t\t\t\t<\/div>\n\t\t\t\t<\/div>\n\t\t","protected":false},"excerpt":{"rendered":"<p>Domande frequenti (FAQ) Che cos\u2019\u00e8 GlobeTalk.online? GlobeTalk.online \u00e8 una scuola di lingue online con sede in Italia. Offriamo corsi di lingua in diretta, interattivi, tramite aula virtuale, con un\u2019attenzione particolare alla comunicazione reale, alle spiegazioni chiare e al feedback personalizzato. Le lezioni sono in diretta o registrate? I nostri corsi sono tenuti in diretta da&#8230;<\/p>\n","protected":false},"author":2,"featured_media":0,"parent":0,"menu_order":0,"comment_status":"closed","ping_status":"closed","template":"","meta":{"footnotes":""},"class_list":["post-20221","page","type-page","status-publish","hentry"],"yoast_head":"<!-- This site is optimized with the Yoast SEO plugin v26.4 - https:\/\/yoast.com\/wordpress\/plugins\/seo\/ -->\n<title>FAQ - GlobeTalk<\/title>\n<meta name=\"robots\" content=\"index, follow, max-snippet:-1, max-image-preview:large, max-video-preview:-1\" \/>\n<link rel=\"canonical\" href=\"https:\/\/globetalk.online\/faq\/\" \/>\n<meta property=\"og:locale\" content=\"it_IT\" \/>\n<meta property=\"og:type\" content=\"article\" \/>\n<meta property=\"og:title\" content=\"FAQ - GlobeTalk\" \/>\n<meta property=\"og:description\" content=\"Domande frequenti (FAQ) Che cos\u2019\u00e8 GlobeTalk.online? GlobeTalk.online \u00e8 una scuola di lingue online con sede in Italia. Offriamo corsi di lingua in diretta, interattivi, tramite aula virtuale, con un\u2019attenzione particolare alla comunicazione reale, alle spiegazioni chiare e al feedback personalizzato. Le lezioni sono in diretta o registrate? I nostri corsi sono tenuti in diretta da&#8230;\" \/>\n<meta property=\"og:url\" content=\"https:\/\/globetalk.online\/faq\/\" \/>\n<meta property=\"og:site_name\" content=\"GlobeTalk\" \/>\n<meta property=\"article:modified_time\" content=\"2025-11-28T09:57:22+00:00\" \/>\n<meta name=\"twitter:card\" content=\"summary_large_image\" \/>\n<meta name=\"twitter:label1\" content=\"Tempo di lettura stimato\" \/>\n\t<meta name=\"twitter:data1\" content=\"5 minuti\" \/>\n<script type=\"application\/ld+json\" class=\"yoast-schema-graph\">{\"@context\":\"https:\/\/schema.org\",\"@graph\":[{\"@type\":\"WebPage\",\"@id\":\"https:\/\/globetalk.online\/faq\/\",\"url\":\"https:\/\/globetalk.online\/faq\/\",\"name\":\"FAQ - GlobeTalk\",\"isPartOf\":{\"@id\":\"https:\/\/globetalk.online\/#website\"},\"datePublished\":\"2024-01-15T10:12:32+00:00\",\"dateModified\":\"2025-11-28T09:57:22+00:00\",\"breadcrumb\":{\"@id\":\"https:\/\/globetalk.online\/faq\/#breadcrumb\"},\"inLanguage\":\"it-IT\",\"potentialAction\":[{\"@type\":\"ReadAction\",\"target\":[\"https:\/\/globetalk.online\/faq\/\"]}]},{\"@type\":\"BreadcrumbList\",\"@id\":\"https:\/\/globetalk.online\/faq\/#breadcrumb\",\"itemListElement\":[{\"@type\":\"ListItem\",\"position\":1,\"name\":\"Casa\",\"item\":\"https:\/\/globetalk.online\/ru\/\"},{\"@type\":\"ListItem\",\"position\":2,\"name\":\"FAQ\"}]},{\"@type\":\"WebSite\",\"@id\":\"https:\/\/globetalk.online\/#website\",\"url\":\"https:\/\/globetalk.online\/\",\"name\":\"GlobeTalk.online\",\"description\":\"\",\"potentialAction\":[{\"@type\":\"SearchAction\",\"target\":{\"@type\":\"EntryPoint\",\"urlTemplate\":\"https:\/\/globetalk.online\/?s={search_term_string}\"},\"query-input\":{\"@type\":\"PropertyValueSpecification\",\"valueRequired\":true,\"valueName\":\"search_term_string\"}}],\"inLanguage\":\"it-IT\"}]}<\/script>\n<!-- \/ Yoast SEO plugin. -->","yoast_head_json":{"title":"FAQ - GlobeTalk","robots":{"index":"index","follow":"follow","max-snippet":"max-snippet:-1","max-image-preview":"max-image-preview:large","max-video-preview":"max-video-preview:-1"},"canonical":"https:\/\/globetalk.online\/faq\/","og_locale":"it_IT","og_type":"article","og_title":"FAQ - GlobeTalk","og_description":"Domande frequenti (FAQ) Che cos\u2019\u00e8 GlobeTalk.online? GlobeTalk.online \u00e8 una scuola di lingue online con sede in Italia. Offriamo corsi di lingua in diretta, interattivi, tramite aula virtuale, con un\u2019attenzione particolare alla comunicazione reale, alle spiegazioni chiare e al feedback personalizzato. Le lezioni sono in diretta o registrate? I nostri corsi sono tenuti in diretta da&#8230;","og_url":"https:\/\/globetalk.online\/faq\/","og_site_name":"GlobeTalk","article_modified_time":"2025-11-28T09:57:22+00:00","twitter_card":"summary_large_image","twitter_misc":{"Tempo di lettura stimato":"5 minuti"},"schema":{"@context":"https:\/\/schema.org","@graph":[{"@type":"WebPage","@id":"https:\/\/globetalk.online\/faq\/","url":"https:\/\/globetalk.online\/faq\/","name":"FAQ - GlobeTalk","isPartOf":{"@id":"https:\/\/globetalk.online\/#website"},"datePublished":"2024-01-15T10:12:32+00:00","dateModified":"2025-11-28T09:57:22+00:00","breadcrumb":{"@id":"https:\/\/globetalk.online\/faq\/#breadcrumb"},"inLanguage":"it-IT","potentialAction":[{"@type":"ReadAction","target":["https:\/\/globetalk.online\/faq\/"]}]},{"@type":"BreadcrumbList","@id":"https:\/\/globetalk.online\/faq\/#breadcrumb","itemListElement":[{"@type":"ListItem","position":1,"name":"Casa","item":"https:\/\/globetalk.online\/ru\/"},{"@type":"ListItem","position":2,"name":"FAQ"}]},{"@type":"WebSite","@id":"https:\/\/globetalk.online\/#website","url":"https:\/\/globetalk.online\/","name":"GlobeTalk.online","description":"","potentialAction":[{"@type":"SearchAction","target":{"@type":"EntryPoint","urlTemplate":"https:\/\/globetalk.online\/?s={search_term_string}"},"query-input":{"@type":"PropertyValueSpecification","valueRequired":true,"valueName":"search_term_string"}}],"inLanguage":"it-IT"}]}},"_links":{"self":[{"href":"https:\/\/globetalk.online\/it\/wp-json\/wp\/v2\/pages\/20221","targetHints":{"allow":["GET"]}}],"collection":[{"href":"https:\/\/globetalk.online\/it\/wp-json\/wp\/v2\/pages"}],"about":[{"href":"https:\/\/globetalk.online\/it\/wp-json\/wp\/v2\/types\/page"}],"author":[{"embeddable":true,"href":"https:\/\/globetalk.online\/it\/wp-json\/wp\/v2\/users\/2"}],"replies":[{"embeddable":true,"href":"https:\/\/globetalk.online\/it\/wp-json\/wp\/v2\/comments?post=20221"}],"version-history":[{"count":4,"href":"https:\/\/globetalk.online\/it\/wp-json\/wp\/v2\/pages\/20221\/revisions"}],"predecessor-version":[{"id":25005,"href":"https:\/\/globetalk.online\/it\/wp-json\/wp\/v2\/pages\/20221\/revisions\/25005"}],"wp:attachment":[{"href":"https:\/\/globetalk.online\/it\/wp-json\/wp\/v2\/media?parent=20221"}],"curies":[{"name":"wp","href":"https:\/\/api.w.org\/{rel}","templated":true}]}}